{"id":5242,"date":"2022-12-01T18:13:30","date_gmt":"2022-12-01T18:13:30","guid":{"rendered":"https:\/\/pvcziper.com.br\/?page_id=5242"},"modified":"2022-12-01T18:24:16","modified_gmt":"2022-12-01T18:24:16","slug":"ziper-grande-de-plastico","status":"publish","type":"page","link":"https:\/\/pvcziper.com.br\/en\/ziper-grande-de-plastico\/","title":{"rendered":"large plastic zipper"},"content":{"rendered":"<div data-elementor-type=\"wp-page\" data-elementor-id=\"5242\" class=\"elementor elementor-5242\">\n\t\t\t\t\t\t\t\t\t<section class=\"elementor-section elementor-top-section elementor-element elementor-element-eb31bdb elementor-section-boxed elementor-section-height-default elementor-section-height-default\" data-id=\"eb31bdb\" data-element_type=\"section\">\r\n\t\t\t\r\n\t\t\t\t\t\t\t\t\t<div class=\"elementor-container elementor-column-gap-default\">\r\n\t\t\t\t\t\t\t\t\t\t\t<div class=\"elementor-column elementor-col-100 elementor-top-column elementor-element elementor-element-dccb4d6\" data-id=\"dccb4d6\" data-element_type=\"column\">\r\n\r\n\t\t\t\t\t<div class=\"elementor-widget-wrap elementor-element-populated\">\r\n\t\t\t\t\t\t\t\t<div class=\"elementor-element elementor-element-f345bb8 elementor-widget elementor-widget-text-editor\" data-id=\"f345bb8\" data-element_type=\"widget\" data-widget_type=\"text-editor.default\">\n\t\t\t\t<div class=\"elementor-widget-container\">\n\t\t\t<style>\/*! elementor - v3.6.1 - 23-03-2022 *\/\n.elementor-widget-text-editor.elementor-drop-cap-view-stacked .elementor-drop-cap{background-color:#818a91;color:#fff}.elementor-widget-text-editor.elementor-drop-cap-view-framed .elementor-drop-cap{color:#818a91;border:3px solid;background-color:transparent}.elementor-widget-text-editor:not(.elementor-drop-cap-view-default) .elementor-drop-cap{margin-top:8px}.elementor-widget-text-editor:not(.elementor-drop-cap-view-default) .elementor-drop-cap-letter{width:1em;height:1em}.elementor-widget-text-editor .elementor-drop-cap{float:left;text-align:center;line-height:1;font-size:50px}.elementor-widget-text-editor .elementor-drop-cap-letter{display:inline-block}<\/style>\t\t\t\t<p>For folders, cases and more! The zipper is used in several ways and you can usually buy it by the meter and in the material you want.<\/p><p><strong>How to find out about the sale of a large plastic zipper<\/strong><\/p><p>As we said above, zippers are applicable in many ways, from briefcases to purses. Its use is not just optional, becoming mandatory in several pieces. Therefore, since they must be used, we must know how to analyze whether the sale of<strong> big plastic zipper<\/strong> They are good.<\/p><p>The first thing to do to find the sale of<strong> big plastic zipper <\/strong>is to rely on experienced suppliers, who have years of experience and good references in the market. If there is any doubt regarding the use of this type of product, the supplier must help the customer by proposing the best options for him.<\/p><p>When finding a quality supplier that offers the sale of<strong> big plastic zipper<\/strong>, every consumer can certainly count on it. Also, if the prices of PVC pipes and connections are in accordance with their quality, they will offer good value for money, and that is what those interested should look for, to save money without sacrificing quality.<\/p><p><strong>Pvc Ziper has the best selling large plastic zipper<\/strong><\/p><p>The choice of selling<strong> big plastic zipper<\/strong> must be done with criteria and taking into account factors such as: quality, price and service. And, when it comes to tubes and connections for electrical installations, in this case, PVC Z\u00edper is the most recommended on the market. Operating in the segment for several years, the company offers complete solutions that fit perfectly into the work of its customers. PVC Z\u00edper has a specialized team, which is committed to quality service. To learn about the benefits that only PVC Z\u00edper offers, get in touch.<\/p>\t\t\t\t\t\t<\/div>\n\t\t\t\t<\/div>\n\t\t\t\t\t<\/div>\r\n\t\t\t\t<\/div>\r\n\t\t\t\t\t\t<\/div>\r\n\t\t\t\t<\/section>\r\n\t\t\t\t\t\t\t<\/div>","protected":false},"excerpt":{"rendered":"<p>Para pastas, estojos e muito mais! O ziper \u00e9 utilizado de diversas formas e voc\u00ea normalmente por comprar ele por metro e no material que desejar. Como saber sobre a venda de ziper grande de plastico Conforme dissemos acima, z\u00edperes s\u00e3o aplic\u00e1veis de diversas formas, desde pastas a bolsas. Seu uso n\u00e3o \u00e9 apenas opcional, [&hellip;]<\/p>","protected":false},"author":1,"featured_media":0,"parent":0,"menu_order":0,"comment_status":"closed","ping_status":"closed","template":"","meta":{"footnotes":""},"class_list":["post-5242","page","type-page","status-publish","hentry"],"_links":{"self":[{"href":"https:\/\/pvcziper.com.br\/en\/wp-json\/wp\/v2\/pages\/5242","targetHints":{"allow":["GET"]}}],"collection":[{"href":"https:\/\/pvcziper.com.br\/en\/wp-json\/wp\/v2\/pages"}],"about":[{"href":"https:\/\/pvcziper.com.br\/en\/wp-json\/wp\/v2\/types\/page"}],"author":[{"embeddable":true,"href":"https:\/\/pvcziper.com.br\/en\/wp-json\/wp\/v2\/users\/1"}],"replies":[{"embeddable":true,"href":"https:\/\/pvcziper.com.br\/en\/wp-json\/wp\/v2\/comments?post=5242"}],"version-history":[{"count":5,"href":"https:\/\/pvcziper.com.br\/en\/wp-json\/wp\/v2\/pages\/5242\/revisions"}],"predecessor-version":[{"id":5290,"href":"https:\/\/pvcziper.com.br\/en\/wp-json\/wp\/v2\/pages\/5242\/revisions\/5290"}],"wp:attachment":[{"href":"https:\/\/pvcziper.com.br\/en\/wp-json\/wp\/v2\/media?parent=5242"}],"curies":[{"name":"wp","href":"https:\/\/api.w.org\/{rel}","templated":true}]}}